{"id":4815,"date":"2025-03-18T14:32:36","date_gmt":"2025-03-18T14:32:36","guid":{"rendered":"https:\/\/ilfornoitaliano.se\/uppsala\/?page_id=4815"},"modified":"2025-03-20T07:46:04","modified_gmt":"2025-03-20T07:46:04","slug":"cookie-policy","status":"publish","type":"page","link":"https:\/\/ilfornoitaliano.se\/uppsala\/cookie-policy\/","title":{"rendered":"Cookie Policy"},"content":{"rendered":"\t\t<div data-elementor-type=\"wp-page\" data-elementor-id=\"4815\" class=\"elementor elementor-4815\" data-elementor-post-type=\"page\">\n\t\t\t\t<div class=\"elementor-element elementor-element-701f547 e-flex e-con-boxed wpr-particle-no wpr-jarallax-no wpr-parallax-no wpr-sticky-section-no e-con e-parent\" data-id=\"701f547\" data-element_type=\"container\" data-e-type=\"container\" data-settings=\"{&quot;background_background&quot;:&quot;classic&quot;}\">\n\t\t\t\t\t<div class=\"e-con-inner\">\n\t\t<div class=\"elementor-element elementor-element-db0e681 e-con-full e-flex wpr-particle-no wpr-jarallax-no wpr-parallax-no wpr-sticky-section-no e-con e-child\" data-id=\"db0e681\" data-element_type=\"container\" data-e-type=\"container\">\n\t\t\t\t<div class=\"elementor-element elementor-element-508f71f animated-fast elementor-invisible elementor-widget elementor-widget-heading\" data-id=\"508f71f\" data-element_type=\"widget\" data-e-type=\"widget\" data-settings=\"{&quot;_animation&quot;:&quot;fadeIn&quot;,&quot;_animation_tablet&quot;:&quot;none&quot;}\" data-widget_type=\"heading.default\">\n\t\t\t\t<div class=\"elementor-widget-container\">\n\t\t\t\t\t<h2 class=\"elementor-heading-title elementor-size-default\">Cookie Policy f\u00f6r ilfornotailaino.se<\/h2>\t\t\t\t<\/div>\n\t\t\t\t<\/div>\n\t\t<div class=\"elementor-element elementor-element-6c3e4bc e-con-full e-flex wpr-particle-no wpr-jarallax-no wpr-parallax-no wpr-sticky-section-no e-con e-child\" data-id=\"6c3e4bc\" data-element_type=\"container\" data-e-type=\"container\">\n\t\t\t\t<div class=\"elementor-element elementor-element-2ba7fc2 animated-fast elementor-invisible elementor-widget elementor-widget-heading\" data-id=\"2ba7fc2\" data-element_type=\"widget\" data-e-type=\"widget\" data-settings=\"{&quot;_animation&quot;:&quot;fadeIn&quot;,&quot;_animation_tablet&quot;:&quot;none&quot;}\" data-widget_type=\"heading.default\">\n\t\t\t\t<div class=\"elementor-widget-container\">\n\t\t\t\t\t<h2 class=\"elementor-heading-title elementor-size-default\">1. Introduktion\n<\/h2>\t\t\t\t<\/div>\n\t\t\t\t<\/div>\n\t\t\t\t<div class=\"elementor-element elementor-element-aa33edd elementor-widget elementor-widget-text-editor\" data-id=\"aa33edd\" data-element_type=\"widget\" data-e-type=\"widget\" data-widget_type=\"text-editor.default\">\n\t\t\t\t<div class=\"elementor-widget-container\">\n\t\t\t\t\t\t\t\t\t<p class=\"p1\">ilfornoitaliano.se drivs av Casa Vecie Restaurang AB. Vi v\u00e4rnar om din integritet och str\u00e4var efter att skydda dina personuppgifter. Denna cookie policy beskriver hur vi anv\u00e4nder cookies och annan liknande teknik p\u00e5 v\u00e5r webbplats.<\/p>\t\t\t\t\t\t\t\t<\/div>\n\t\t\t\t<\/div>\n\t\t\t\t<\/div>\n\t\t<div class=\"elementor-element elementor-element-b982887 e-con-full e-flex wpr-particle-no wpr-jarallax-no wpr-parallax-no wpr-sticky-section-no e-con e-child\" data-id=\"b982887\" data-element_type=\"container\" data-e-type=\"container\">\n\t\t\t\t<div class=\"elementor-element elementor-element-4377caa animated-fast elementor-invisible elementor-widget elementor-widget-heading\" data-id=\"4377caa\" data-element_type=\"widget\" data-e-type=\"widget\" data-settings=\"{&quot;_animation&quot;:&quot;fadeIn&quot;,&quot;_animation_tablet&quot;:&quot;none&quot;}\" data-widget_type=\"heading.default\">\n\t\t\t\t<div class=\"elementor-widget-container\">\n\t\t\t\t\t<h2 class=\"elementor-heading-title elementor-size-default\">2. Vad \u00e4r cookies?\n<\/h2>\t\t\t\t<\/div>\n\t\t\t\t<\/div>\n\t\t\t\t<div class=\"elementor-element elementor-element-3daf978 elementor-widget elementor-widget-text-editor\" data-id=\"3daf978\" data-element_type=\"widget\" data-e-type=\"widget\" data-widget_type=\"text-editor.default\">\n\t\t\t\t<div class=\"elementor-widget-container\">\n\t\t\t\t\t\t\t\t\t<p class=\"p1\">Cookies \u00e4r sm\u00e5 textfiler som lagras p\u00e5 din enhet n\u00e4r du bes\u00f6ker en webbplats. Dessa filer inneh\u00e5ller information som anv\u00e4nds f\u00f6r att f\u00f6rb\u00e4ttra din upplevelse p\u00e5 webbplatsen.<\/p>\t\t\t\t\t\t\t\t<\/div>\n\t\t\t\t<\/div>\n\t\t\t\t<\/div>\n\t\t<div class=\"elementor-element elementor-element-c8e30d6 e-con-full e-flex wpr-particle-no wpr-jarallax-no wpr-parallax-no wpr-sticky-section-no e-con e-child\" data-id=\"c8e30d6\" data-element_type=\"container\" data-e-type=\"container\">\n\t\t\t\t<div class=\"elementor-element elementor-element-43011b6 animated-fast elementor-invisible elementor-widget elementor-widget-heading\" data-id=\"43011b6\" data-element_type=\"widget\" data-e-type=\"widget\" data-settings=\"{&quot;_animation&quot;:&quot;fadeIn&quot;,&quot;_animation_tablet&quot;:&quot;none&quot;}\" data-widget_type=\"heading.default\">\n\t\t\t\t<div class=\"elementor-widget-container\">\n\t\t\t\t\t<h2 class=\"elementor-heading-title elementor-size-default\">3. Vilka cookies anv\u00e4nder vi?\n<\/h2>\t\t\t\t<\/div>\n\t\t\t\t<\/div>\n\t\t\t\t<div class=\"elementor-element elementor-element-f0381cf elementor-widget elementor-widget-text-editor\" data-id=\"f0381cf\" data-element_type=\"widget\" data-e-type=\"widget\" data-widget_type=\"text-editor.default\">\n\t\t\t\t<div class=\"elementor-widget-container\">\n\t\t\t\t\t\t\t\t\t<div class=\"gs\"><div class=\"\"><div id=\":129\" class=\"ii gt\"><div id=\":128\" class=\"a3s aiL \"><div dir=\"ltr\"><div class=\"gmail_quote\"><div dir=\"ltr\"><p class=\"p1\"><b>a. N\u00f6dv\u00e4ndiga cookies:<\/b> Dessa cookies \u00e4r v\u00e4sentliga f\u00f6r att webbplatsen ska fungera korrekt. De g\u00f6r det m\u00f6jligt f\u00f6r dig att navigera p\u00e5 webbplatsen och anv\u00e4nda dess funktioner.<\/p><p class=\"p1\"><b>b. Funktionscookies:<\/b> Dessa cookies g\u00f6r det m\u00f6jligt f\u00f6r webbplatsen att komma ih\u00e5g val du g\u00f6r (t.ex. ditt anv\u00e4ndarnamn, spr\u00e5k eller region) och tillhandah\u00e5lla f\u00f6rb\u00e4ttrade och mer personliga funktioner.<\/p><p class=\"p1\"><b>c. Analys- och prestandacookies:<\/b> Vi anv\u00e4nder dessa cookies f\u00f6r att samla in information om hur bes\u00f6kare anv\u00e4nder v\u00e5r webbplats. Denna information hj\u00e4lper oss att f\u00f6rb\u00e4ttra webbplatsens funktionalitet och anv\u00e4ndarupplevelse. Vi anv\u00e4nder bland annat Meta Pixel f\u00f6r att samla in denna information.<\/p><p class=\"p1\"><b>d. Marknadsf\u00f6ringscookies:<\/b> Dessa cookies anv\u00e4nds f\u00f6r att leverera annonser som \u00e4r relevanta f\u00f6r dig och dina intressen. De anv\u00e4nds ocks\u00e5 f\u00f6r att begr\u00e4nsa antalet g\u00e5nger du ser en annons samt f\u00f6r att m\u00e4ta effektiviteten av annonskampanjer.<\/p><\/div><\/div><\/div><\/div><\/div><\/div><\/div>\t\t\t\t\t\t\t\t<\/div>\n\t\t\t\t<\/div>\n\t\t\t\t<\/div>\n\t\t<div class=\"elementor-element elementor-element-161b274 e-con-full e-flex wpr-particle-no wpr-jarallax-no wpr-parallax-no wpr-sticky-section-no e-con e-child\" data-id=\"161b274\" data-element_type=\"container\" data-e-type=\"container\">\n\t\t\t\t<div class=\"elementor-element elementor-element-cf8d305 animated-fast elementor-invisible elementor-widget elementor-widget-heading\" data-id=\"cf8d305\" data-element_type=\"widget\" data-e-type=\"widget\" data-settings=\"{&quot;_animation&quot;:&quot;fadeIn&quot;,&quot;_animation_tablet&quot;:&quot;none&quot;}\" data-widget_type=\"heading.default\">\n\t\t\t\t<div class=\"elementor-widget-container\">\n\t\t\t\t\t<h2 class=\"elementor-heading-title elementor-size-default\">4. Insamling av personuppgifter\n<\/h2>\t\t\t\t<\/div>\n\t\t\t\t<\/div>\n\t\t\t\t<div class=\"elementor-element elementor-element-d135641 elementor-widget elementor-widget-text-editor\" data-id=\"d135641\" data-element_type=\"widget\" data-e-type=\"widget\" data-widget_type=\"text-editor.default\">\n\t\t\t\t<div class=\"elementor-widget-container\">\n\t\t\t\t\t\t\t\t\t<div class=\"gs\"><div class=\"\"><div id=\":129\" class=\"ii gt\"><div id=\":128\" class=\"a3s aiL \"><div dir=\"ltr\"><div class=\"gmail_quote\"><div dir=\"ltr\"><p class=\"p1\">N\u00e4r du fyller i ett formul\u00e4r p\u00e5 v\u00e5r webbplats kan vi samla in f\u00f6ljande information:<\/p><p class=\"p3\">\u2022Namn<\/p><p class=\"p3\">\u2022E-postadress<\/p><p class=\"p3\">\u2022Telefonnummer<\/p><\/div><p><br \/>Ibland f\u00f6rekommer fotografering i v\u00e5ra lokaler, genom att vistas i dem samtycker du till detta. \u00d6nskar du inte vara med s\u00e5 har vi full respekt f\u00f6r detta och du beh\u00f6ver bara kontakta oss s\u00e5 tar vi bort eventuell bild eller video.<\/p><\/div><\/div><\/div><\/div><\/div><\/div>\t\t\t\t\t\t\t\t<\/div>\n\t\t\t\t<\/div>\n\t\t\t\t<\/div>\n\t\t<div class=\"elementor-element elementor-element-00d61a3 e-con-full e-flex wpr-particle-no wpr-jarallax-no wpr-parallax-no wpr-sticky-section-no e-con e-child\" data-id=\"00d61a3\" data-element_type=\"container\" data-e-type=\"container\">\n\t\t\t\t<div class=\"elementor-element elementor-element-eba57c7 animated-fast elementor-invisible elementor-widget elementor-widget-heading\" data-id=\"eba57c7\" data-element_type=\"widget\" data-e-type=\"widget\" data-settings=\"{&quot;_animation&quot;:&quot;fadeIn&quot;,&quot;_animation_tablet&quot;:&quot;none&quot;}\" data-widget_type=\"heading.default\">\n\t\t\t\t<div class=\"elementor-widget-container\">\n\t\t\t\t\t<h2 class=\"elementor-heading-title elementor-size-default\">5. Hur anv\u00e4nder vi insamlad information?\n<\/h2>\t\t\t\t<\/div>\n\t\t\t\t<\/div>\n\t\t\t\t<div class=\"elementor-element elementor-element-70b9253 elementor-widget elementor-widget-text-editor\" data-id=\"70b9253\" data-element_type=\"widget\" data-e-type=\"widget\" data-widget_type=\"text-editor.default\">\n\t\t\t\t<div class=\"elementor-widget-container\">\n\t\t\t\t\t\t\t\t\t<div class=\"gs\"><div class=\"\"><div id=\":129\" class=\"ii gt\"><div id=\":128\" class=\"a3s aiL \"><div dir=\"ltr\"><div class=\"gmail_quote\"><div dir=\"ltr\"><p class=\"p1\">Den information vi samlar in anv\u00e4nds f\u00f6r att:<\/p><p class=\"p3\">\u2022F\u00f6rb\u00e4ttra v\u00e5r webbplats och dess funktionalitet<\/p><p class=\"p3\">\u2022Skicka marknadsf\u00f6ringsmaterial (med ditt samtycke)<\/p><p class=\"p3\">\u2022Analysera anv\u00e4ndarbeteenden f\u00f6r att f\u00f6rb\u00e4ttra v\u00e5ra tj\u00e4nster<\/p><\/div><\/div><\/div><\/div><\/div><\/div><\/div>\t\t\t\t\t\t\t\t<\/div>\n\t\t\t\t<\/div>\n\t\t\t\t<\/div>\n\t\t<div class=\"elementor-element elementor-element-ad6e186 e-con-full e-flex wpr-particle-no wpr-jarallax-no wpr-parallax-no wpr-sticky-section-no e-con e-child\" data-id=\"ad6e186\" data-element_type=\"container\" data-e-type=\"container\">\n\t\t\t\t<div class=\"elementor-element elementor-element-c621cc3 animated-fast elementor-invisible elementor-widget elementor-widget-heading\" data-id=\"c621cc3\" data-element_type=\"widget\" data-e-type=\"widget\" data-settings=\"{&quot;_animation&quot;:&quot;fadeIn&quot;,&quot;_animation_tablet&quot;:&quot;none&quot;}\" data-widget_type=\"heading.default\">\n\t\t\t\t<div class=\"elementor-widget-container\">\n\t\t\t\t\t<h2 class=\"elementor-heading-title elementor-size-default\">6. Hur kan du hantera dina cookie-inst\u00e4llningar?\n<\/h2>\t\t\t\t<\/div>\n\t\t\t\t<\/div>\n\t\t\t\t<div class=\"elementor-element elementor-element-6864780 elementor-widget elementor-widget-text-editor\" data-id=\"6864780\" data-element_type=\"widget\" data-e-type=\"widget\" data-widget_type=\"text-editor.default\">\n\t\t\t\t<div class=\"elementor-widget-container\">\n\t\t\t\t\t\t\t\t\t<div class=\"gs\"><div class=\"\"><div id=\":129\" class=\"ii gt\"><div id=\":128\" class=\"a3s aiL \"><div dir=\"ltr\"><div class=\"gmail_quote\"><div dir=\"ltr\"><p class=\"p1\">De flesta webbl\u00e4sare l\u00e5ter dig hantera dina cookie-inst\u00e4llningar. Du kan v\u00e4lja att blockera eller ta bort cookies, men detta kan p\u00e5verka din anv\u00e4ndarupplevelse p\u00e5 v\u00e5r webbplats. Instruktioner om hur du hanterar cookies hittar du i din webbl\u00e4sares hj\u00e4lpfunktion.<\/p><p>Du kan ocks\u00e5 v\u00e4lja bort cookies i listan n\u00e4r du f\u00f6rst bes\u00f6ker v\u00e5r webbplats, genom att klicka p\u00e5 knappen &#8221;anpassa&#8221; i v\u00e5r Cookie Consent banner.<\/p><\/div><\/div><\/div><\/div><\/div><\/div><\/div>\t\t\t\t\t\t\t\t<\/div>\n\t\t\t\t<\/div>\n\t\t\t\t<\/div>\n\t\t<div class=\"elementor-element elementor-element-b37fe83 e-con-full e-flex wpr-particle-no wpr-jarallax-no wpr-parallax-no wpr-sticky-section-no e-con e-child\" data-id=\"b37fe83\" data-element_type=\"container\" data-e-type=\"container\">\n\t\t\t\t<div class=\"elementor-element elementor-element-4a7fb52 animated-fast elementor-invisible elementor-widget elementor-widget-heading\" data-id=\"4a7fb52\" data-element_type=\"widget\" data-e-type=\"widget\" data-settings=\"{&quot;_animation&quot;:&quot;fadeIn&quot;,&quot;_animation_tablet&quot;:&quot;none&quot;}\" data-widget_type=\"heading.default\">\n\t\t\t\t<div class=\"elementor-widget-container\">\n\t\t\t\t\t<h2 class=\"elementor-heading-title elementor-size-default\">7. Kontakta oss\n<\/h2>\t\t\t\t<\/div>\n\t\t\t\t<\/div>\n\t\t\t\t<div class=\"elementor-element elementor-element-ee36b62 elementor-widget elementor-widget-text-editor\" data-id=\"ee36b62\" data-element_type=\"widget\" data-e-type=\"widget\" data-widget_type=\"text-editor.default\">\n\t\t\t\t<div class=\"elementor-widget-container\">\n\t\t\t\t\t\t\t\t\t<div class=\"gs\"><div class=\"\"><div id=\":129\" class=\"ii gt\"><div id=\":128\" class=\"a3s aiL \"><div dir=\"ltr\"><div class=\"gmail_quote\"><div dir=\"ltr\"><p class=\"p1\">Om du har fr\u00e5gor om denna cookie policy eller v\u00e5r behandling av dina personuppgifter, v\u00e4nligen kontakta oss p\u00e5:<\/p><p class=\"p1\">Casa Vecie Restaurang AB<\/p><p class=\"p1\">E-post: boka@ilfornoitaliano.se<\/p><\/div><\/div><\/div><\/div><\/div><\/div><\/div>\t\t\t\t\t\t\t\t<\/div>\n\t\t\t\t<\/div>\n\t\t\t\t<\/div>\n\t\t<div class=\"elementor-element elementor-element-b2b69c2 e-con-full e-flex wpr-particle-no wpr-jarallax-no wpr-parallax-no wpr-sticky-section-no e-con e-child\" data-id=\"b2b69c2\" data-element_type=\"container\" data-e-type=\"container\">\n\t\t\t\t<div class=\"elementor-element elementor-element-037516b animated-fast elementor-invisible elementor-widget elementor-widget-heading\" data-id=\"037516b\" data-element_type=\"widget\" data-e-type=\"widget\" data-settings=\"{&quot;_animation&quot;:&quot;fadeIn&quot;,&quot;_animation_tablet&quot;:&quot;none&quot;}\" data-widget_type=\"heading.default\">\n\t\t\t\t<div class=\"elementor-widget-container\">\n\t\t\t\t\t<h2 class=\"elementor-heading-title elementor-size-default\">8. \u00c4ndringar i denna policy\n<\/h2>\t\t\t\t<\/div>\n\t\t\t\t<\/div>\n\t\t\t\t<div class=\"elementor-element elementor-element-70c1f38 elementor-widget elementor-widget-text-editor\" data-id=\"70c1f38\" data-element_type=\"widget\" data-e-type=\"widget\" data-widget_type=\"text-editor.default\">\n\t\t\t\t<div class=\"elementor-widget-container\">\n\t\t\t\t\t\t\t\t\t<div class=\"gs\"><div class=\"\"><div id=\":129\" class=\"ii gt\"><div id=\":128\" class=\"a3s aiL \"><div dir=\"ltr\"><div class=\"gmail_quote\"><div dir=\"ltr\"><p class=\"p1\">Vi kan komma att uppdatera denna cookie policy vid behov. Vi rekommenderar att du regelbundet kontrollerar denna sida f\u00f6r att h\u00e5lla dig informerad om hur vi anv\u00e4nder cookies.<\/p><p class=\"p1\">Det \u00e4r alltid bra att r\u00e5dg\u00f6ra med en jurist f\u00f6r att s\u00e4kerst\u00e4lla att er cookie policy uppfyller alla lagliga krav och riktlinjer, s\u00e4rskilt n\u00e4r det g\u00e4ller GDPR och andra relevanta dataskyddslagar.<\/p><\/div><\/div><\/div><\/div><\/div><\/div><\/div>\t\t\t\t\t\t\t\t<\/div>\n\t\t\t\t<\/div>\n\t\t\t\t<\/div>\n\t\t\t\t<div class=\"elementor-element elementor-element-d0b92f4 elementor-widget elementor-widget-html\" data-id=\"d0b92f4\" data-element_type=\"widget\" data-e-type=\"widget\" data-widget_type=\"html.default\">\n\t\t\t\t<div class=\"elementor-widget-container\">\n\t\t\t\t\t<button class=\"cky-banner-element\">Cookie Settings<\/button>\t\t\t\t<\/div>\n\t\t\t\t<\/div>\n\t\t\t\t<div class=\"elementor-element elementor-element-9a94c87 elementor-widget elementor-widget-image\" data-id=\"9a94c87\" data-element_type=\"widget\" data-e-type=\"widget\" data-widget_type=\"image.default\">\n\t\t\t\t<div class=\"elementor-widget-container\">\n\t\t\t\t\t\t\t\t\t\t\t\t\t\t\t\t<a href=\"https:\/\/www.debaserpontonen.se\/\" target=\"_blank\" rel=\"noopener\">\n\t\t\t\t\t\t\t<img decoding=\"async\" src=\"https:\/\/ilfornoitaliano.se\/uppsala\/wp-content\/uploads\/2023\/04\/Il-forno-logo-rod.png\" height=\"83\" width=\"522\" srcset=\"https:\/\/ilfornoitaliano.se\/uppsala\/wp-content\/uploads\/2023\/04\/Il-forno-logo-rod.png 522w, https:\/\/ilfornoitaliano.se\/uppsala\/wp-content\/uploads\/2023\/04\/Il-forno-logo-rod-300x48.png 300w\" sizes=\"(max-width: 522px) 100vw, 522px\" class=\"attachment-full size-full wp-image-1220 sp-no-webp\" alt=\"- Il Forno Italiano - Italiensk restaurang Uppsala\"> \t\t\t\t\t\t\t\t<\/a>\n\t\t\t\t\t\t\t\t\t\t\t\t\t\t\t<\/div>\n\t\t\t\t<\/div>\n\t\t\t\t<div class=\"elementor-element elementor-element-3e5a2ce elementor-widget elementor-widget-spacer\" data-id=\"3e5a2ce\" data-element_type=\"widget\" data-e-type=\"widget\" data-widget_type=\"spacer.default\">\n\t\t\t\t<div class=\"elementor-widget-container\">\n\t\t\t\t\t\t\t<div class=\"elementor-spacer\">\n\t\t\t<div class=\"elementor-spacer-inner\"><\/div>\n\t\t<\/div>\n\t\t\t\t\t\t<\/div>\n\t\t\t\t<\/div>\n\t\t\t\t<\/div>\n\t\t\t\t\t<\/div>\n\t\t\t\t<\/div>\n\t\t\t\t<\/div>\n\t\t","protected":false},"excerpt":{"rendered":"<p>Cookie Policy f\u00f6r ilfornotailaino.se 1. Introduktion ilfornoitaliano.se drivs av Casa Vecie Restaurang AB. Vi v\u00e4rnar om din integritet och str\u00e4var efter att skydda dina personuppgifter. Denna cookie policy beskriver hur vi anv\u00e4nder cookies och annan liknande teknik p\u00e5 v\u00e5r webbplats. 2. Vad \u00e4r cookies? Cookies \u00e4r sm\u00e5 textfiler som lagras p\u00e5 din enhet n\u00e4r du bes\u00f6ker en webbplats. Dessa filer inneh\u00e5ller information som anv\u00e4nds f\u00f6r att f\u00f6rb\u00e4ttra din upplevelse p\u00e5 webbplatsen. 3. Vilka cookies anv\u00e4nder vi? a. N\u00f6dv\u00e4ndiga cookies: Dessa cookies \u00e4r v\u00e4sentliga f\u00f6r att webbplatsen ska fungera korrekt. De g\u00f6r det m\u00f6jligt f\u00f6r dig att navigera p\u00e5 webbplatsen och anv\u00e4nda dess funktioner. b. Funktionscookies: Dessa cookies g\u00f6r det m\u00f6jligt f\u00f6r webbplatsen att komma ih\u00e5g val du g\u00f6r (t.ex. ditt anv\u00e4ndarnamn, spr\u00e5k eller region) och tillhandah\u00e5lla f\u00f6rb\u00e4ttrade och mer personliga funktioner. c. Analys- och prestandacookies: Vi anv\u00e4nder dessa cookies f\u00f6r att samla in information om hur bes\u00f6kare anv\u00e4nder v\u00e5r webbplats. Denna information hj\u00e4lper oss att f\u00f6rb\u00e4ttra webbplatsens funktionalitet och anv\u00e4ndarupplevelse. Vi anv\u00e4nder bland annat Meta Pixel f\u00f6r att samla in denna information. d. Marknadsf\u00f6ringscookies: Dessa cookies anv\u00e4nds f\u00f6r att leverera annonser som \u00e4r relevanta f\u00f6r dig och dina intressen. De anv\u00e4nds ocks\u00e5 f\u00f6r att begr\u00e4nsa antalet g\u00e5nger du ser en annons samt f\u00f6r att m\u00e4ta effektiviteten av annonskampanjer. 4. Insamling av personuppgifter N\u00e4r du fyller i ett formul\u00e4r p\u00e5 v\u00e5r webbplats kan vi samla in f\u00f6ljande information: \u2022Namn \u2022E-postadress \u2022Telefonnummer Ibland f\u00f6rekommer fotografering i v\u00e5ra lokaler, genom att vistas i dem samtycker du till detta. \u00d6nskar du inte vara med s\u00e5 har vi full respekt f\u00f6r detta och du beh\u00f6ver bara kontakta oss s\u00e5 tar vi bort eventuell bild eller video. 5. Hur anv\u00e4nder vi insamlad information? Den information vi samlar in anv\u00e4nds f\u00f6r att: \u2022F\u00f6rb\u00e4ttra v\u00e5r webbplats och dess funktionalitet \u2022Skicka marknadsf\u00f6ringsmaterial (med ditt samtycke) \u2022Analysera anv\u00e4ndarbeteenden f\u00f6r att f\u00f6rb\u00e4ttra v\u00e5ra tj\u00e4nster 6. Hur kan du hantera dina cookie-inst\u00e4llningar? De flesta webbl\u00e4sare l\u00e5ter dig hantera dina cookie-inst\u00e4llningar. Du kan v\u00e4lja att blockera eller ta bort cookies, men detta kan p\u00e5verka din anv\u00e4ndarupplevelse p\u00e5 v\u00e5r webbplats. Instruktioner om hur du hanterar cookies hittar du i din webbl\u00e4sares hj\u00e4lpfunktion. Du kan ocks\u00e5 v\u00e4lja bort cookies i listan n\u00e4r du f\u00f6rst bes\u00f6ker v\u00e5r webbplats, genom att klicka p\u00e5 knappen &#8221;anpassa&#8221; i v\u00e5r Cookie Consent banner. 7. Kontakta oss Om du har fr\u00e5gor om denna cookie policy eller v\u00e5r behandling av dina personuppgifter, v\u00e4nligen kontakta oss p\u00e5: Casa Vecie Restaurang AB E-post: boka@ilfornoitaliano.se 8. \u00c4ndringar i denna policy Vi kan komma att uppdatera denna cookie policy vid behov. Vi rekommenderar att du regelbundet kontrollerar denna sida f\u00f6r att h\u00e5lla dig informerad om hur vi anv\u00e4nder cookies. Det \u00e4r alltid bra att r\u00e5dg\u00f6ra med en jurist f\u00f6r att s\u00e4kerst\u00e4lla att er cookie policy uppfyller alla lagliga krav och riktlinjer, s\u00e4rskilt n\u00e4r det g\u00e4ller GDPR och andra relevanta dataskyddslagar. Cookie Settings<\/p>\n","protected":false},"author":3,"featured_media":0,"parent":0,"menu_order":0,"comment_status":"closed","ping_status":"closed","template":"elementor_canvas","meta":{"site-sidebar-layout":"no-sidebar","site-content-layout":"page-builder","ast-site-content-layout":"full-width-container","site-content-style":"default","site-sidebar-style":"default","ast-global-header-display":"","ast-banner-title-visibility":"","ast-main-header-display":"","ast-hfb-above-header-display":"","ast-hfb-below-header-display":"","ast-hfb-mobile-header-display":"","site-post-title":"disabled","ast-breadcrumbs-content":"","ast-featured-img":"disabled","footer-sml-layout":"","ast-disable-related-posts":"","theme-transparent-header-meta":"","adv-header-id-meta":"","stick-header-meta":"","header-above-stick-meta":"","header-main-stick-meta":"","header-below-stick-meta":"","astra-migrate-meta-layouts":"set","ast-page-background-enabled":"default","ast-page-background-meta":{"desktop":{"background-color":"var(--ast-global-color-4)","background-image":"","background-repeat":"repeat","background-position":"center center","background-size":"auto","background-attachment":"scroll","background-type":"","background-media":"","overlay-type":"","overlay-color":"","overlay-opacity":"","overlay-gradient":""},"tablet":{"background-color":"","background-image":"","background-repeat":"repeat","background-position":"center center","background-size":"auto","background-attachment":"scroll","background-type":"","background-media":"","overlay-type":"","overlay-color":"","overlay-opacity":"","overlay-gradient":""},"mobile":{"background-color":"","background-image":"","background-repeat":"repeat","background-position":"center center","background-size":"auto","background-attachment":"scroll","background-type":"","background-media":"","overlay-type":"","overlay-color":"","overlay-opacity":"","overlay-gradient":""}},"ast-content-background-meta":{"desktop":{"background-color":"var(--ast-global-color-5)","background-image":"","background-repeat":"repeat","background-position":"center center","background-size":"auto","background-attachment":"scroll","background-type":"","background-media":"","overlay-type":"","overlay-color":"","overlay-opacity":"","overlay-gradient":""},"tablet":{"background-color":"var(--ast-global-color-5)","background-image":"","background-repeat":"repeat","background-position":"center center","background-size":"auto","background-attachment":"scroll","background-type":"","background-media":"","overlay-type":"","overlay-color":"","overlay-opacity":"","overlay-gradient":""},"mobile":{"background-color":"var(--ast-global-color-5)","background-image":"","background-repeat":"repeat","background-position":"center center","background-size":"auto","background-attachment":"scroll","background-type":"","background-media":"","overlay-type":"","overlay-color":"","overlay-opacity":"","overlay-gradient":""}},"footnotes":""},"class_list":["post-4815","page","type-page","status-publish","hentry"],"_links":{"self":[{"href":"https:\/\/ilfornoitaliano.se\/uppsala\/wp-json\/wp\/v2\/pages\/4815","targetHints":{"allow":["GET"]}}],"collection":[{"href":"https:\/\/ilfornoitaliano.se\/uppsala\/wp-json\/wp\/v2\/pages"}],"about":[{"href":"https:\/\/ilfornoitaliano.se\/uppsala\/wp-json\/wp\/v2\/types\/page"}],"author":[{"embeddable":true,"href":"https:\/\/ilfornoitaliano.se\/uppsala\/wp-json\/wp\/v2\/users\/3"}],"replies":[{"embeddable":true,"href":"https:\/\/ilfornoitaliano.se\/uppsala\/wp-json\/wp\/v2\/comments?post=4815"}],"version-history":[{"count":0,"href":"https:\/\/ilfornoitaliano.se\/uppsala\/wp-json\/wp\/v2\/pages\/4815\/revisions"}],"wp:attachment":[{"href":"https:\/\/ilfornoitaliano.se\/uppsala\/wp-json\/wp\/v2\/media?parent=4815"}],"curies":[{"name":"wp","href":"https:\/\/api.w.org\/{rel}","templated":true}]}}